{"id":1273,"date":"2010-04-17T19:48:48","date_gmt":"2010-04-17T17:48:48","guid":{"rendered":"http:\/\/www.zigbe.net\/?page_id=2"},"modified":"2010-04-17T19:48:48","modified_gmt":"2010-04-17T17:48:48","slug":"about","status":"publish","type":"page","link":"https:\/\/blog.whatsbee.net\/?page_id=1273","title":{"rendered":"Nosotros"},"content":{"rendered":"<p><!--:en--><\/p>\n<p style=\"text-align: justify;\"><strong>The Who\u2026<\/strong><\/p>\n<p style=\"text-align: justify;\">((A pair of visionaries discovering that they aren&#8217;t so much))<\/p>\n<p style=\"text-align: justify;\">We are a group of professionals in the ITC sector and with a bit of help from our colleagues, we try to evolve and have fun trying new technical things\u2026<\/p>\n<p style=\"text-align: justify;\">In this blog we want to share our ideas and resources that we have found on the net, and our solutions that we will be presenting about low-power wireless networks. Our main focus will loosely be around the Zigbee protocol, used to create Sensor Networks, the so-called WSNs (Wireless Sensor Networks).<\/p>\n<p style=\"text-align: justify;\">We\u2019re not claiming to invent things, well perhaps, but we always get there a bit too late\u2026<\/p>\n<p style=\"text-align: justify;\">This blog wouldn\u2019t have been possible without Oskar\u2019s help from <a href=\"http:\/\/www.enrutador.com\/\">www.enrutador.com<\/a><\/p>\n<p style=\"text-align: justify;\"><strong>The Why:<\/strong><\/p>\n<p style=\"text-align: justify;\">For a long time, wireless technology has been a part of our everyday life.<\/p>\n<p style=\"text-align: justify;\">Without even thinking, we use them all the time. Take mobile phones as an example; We use them constantly to make voice calls or to send and receive text messages, to connect to the internet wherever we may be, or to manage another device such as hands-free.<\/p>\n<p style=\"text-align: justify;\">At home or in our working place, we use them too. To connect computers to each other, to connect them to the internet or to manage wireless devices (e.g. printers, mobile synchronization, mice, earphones \u2026)<\/p>\n<p style=\"text-align: justify;\">Here in this Knowledge-based Society we are evolving quickly, just as much technically as conceptually, with new ideas and theories\u2026<\/p>\n<p style=\"text-align: justify;\">There is a concept, which until recently was only a theory, that thanks to technology it may be gaining strength and start to become a reality. This is \u201cThe Internet of Things\u201d&#8230;<\/p>\n<p style=\"text-align: justify;\">Once we achieve, in the last times, to connect people to networks of networks, now is time of the things, yes of the things!<\/p>\n<p style=\"text-align: justify;\">All indicators point towards the direction in which the technology is evolving will lead to all machines and devices being connected to each other either directly or through the internet.<\/p>\n<p style=\"text-align: justify;\">The future of technology will look for that the devices, the machines, and\/or the Things connect between themselves directly or through a wireless network\u2026<\/p>\n<p style=\"text-align: justify;\">Why? So that machines are able to receive perfectly structured data (web 3.0?) from other machines and then transform this data into valid information so they can make rational intelligent decisions, and act autonomously between themselves.<\/p>\n<p style=\"text-align: justify;\">Among other technologies appears the Zigbee protocol, and on this blog we believe that it can provide, as a technology, an accelerator so that the Internet of Things \u00a0could become a reality.<\/p>\n<p style=\"text-align: justify;\">Zigbee basically is a protocol that permits wireless communications via low-power radio waves, applicable to low power consumption devices on solutions where low data rates and secure data transfers are required.<\/p>\n<p style=\"text-align: justify;\">And in this context this blog was born, we hope that it will be useful and at least it serves to the members of this project to put our ideas in order and to share our knowledge.<\/p>\n<p style=\"text-align: justify;\">Greetings, thank you for visiting and stay tuned for more\u2026<\/p>\n<p><!--:--><!--:es--><\/p>\n<p style=\"text-align: justify;\">((\u00a0Un par de visionarios descubriendo que no lo son tanto\u2026.))<\/p>\n<p>Somos\u00a0un grupo de profesionales de las TIC que, con la ayuda de\u00a0otros compa\u00f1eros, intentamos evolucionar y divertirnos probando cosas nuevas.<\/p>\n<p style=\"text-align: justify;\">En este espacio queremos compartir ideas, recursos que hemos ido encontrando en la red y soluciones que os iremos presentando, sobre redes inal\u00e1mbricas de bajo consumo, especialmente las basadas en ZigBee, para la creaci\u00f3n de redes de sensores, las denominadas WSN (Wireless Sensor Networks).<\/p>\n<p style=\"text-align: justify;\">\u00a0No pretendemos inventar nada, bueno si, pero siempre llegamos tarde\u2026<\/p>\n<p style=\"text-align: justify;\">\u00a0Este espacio no hubiera sido posible si la ayuda de Oskar de <a href=\"http:\/\/www.enrutador.com\/\">www.enrutador.com<\/a><\/p>\n<p style=\"text-align: justify;\">Motivaci\u00f3n:<\/p>\n<p style=\"text-align: justify;\">\u00a0Hace mucho tiempo que la tecnolog\u00eda inal\u00e1mbrica forma parte de nuestra realidad, de nuestra vida cotidiana.<\/p>\n<p style=\"text-align: justify;\">Sin ser demasiado conscientes, la usamos constantemente, por ejemplo, desde nuestros tel\u00e9fonos m\u00f3viles para comunicarnos por voz o para enviar mensajes de texto, para conectarnos a internet desde cualquier punto o para manejar otros dispositivos, como los manos libres,&#8230;<\/p>\n<p style=\"text-align: justify;\">En casa o en la empresa, tambi\u00e9n la usamos, para conectar ordenadores personales entre ellos, para conectarlos a internet o para manejar dispositivos inal\u00e1mbricos (impresi\u00f3n, ratones, sincronizar el m\u00f3vil, auriculares, \u2026).<\/p>\n<p style=\"text-align: justify;\">En la sociedad del conocimiento se est\u00e1 evolucionando r\u00e1pidamente, tanto t\u00e9cnicamente como en nuevos conceptos, ideas o teor\u00edas.<\/p>\n<p style=\"text-align: justify;\">\u00a0Hay un concepto, hasta hace poco solo te\u00f3rico, que gracias a la tecnolog\u00eda, puede coger fuerza y convertirse en realidad. Se trata de la Internet de las Cosas (Internet of Things).<\/p>\n<p style=\"text-align: justify;\">\u00a0Una vez que se ha conseguido, en los \u00faltimos tiempos, conectar a las personas a la red de redes, le toca el turno a las \u201ccosas\u201d, s\u00ed a las cosas!<\/p>\n<p style=\"text-align: justify;\">\u00a0Todo apunta a que la evoluci\u00f3n tecnol\u00f3gica buscar\u00e1 que los dispositivos, las\u00a0m\u00e1quinas y\/o las cosas se conecten entre s\u00ed, directamente o a trav\u00e9s de la red.<\/p>\n<p style=\"text-align: justify;\">Para qu\u00e9? \u00a0Para que las m\u00e1quinas puedan recibir datos perfectamente estructurados (web 3.0 \u00bf?) de otras m\u00e1quina y despu\u00e9s de convertir estos datos en informaci\u00f3n v\u00e1lida, tomen decisiones \u201cracionales\u201d\/\u201dInteligentes\u201d para actuar de forma aut\u00f3noma entre ellas.<\/p>\n<p style=\"text-align: justify;\">Entre otras tecnolog\u00edas, apareci\u00f3 ZigBee y en este Blog creemos que puede proporcionar, como tecnolog\u00eda, un acelerador para que la Internet de las cosas sea una realizad.<\/p>\n<p style=\"text-align: justify;\">Zigbee es b\u00e1sicamente, una tecnolog\u00eda que permite la comunicaci\u00f3n inal\u00e1mbrica con un bajo consumo energ\u00e9tico, aplicable en soluciones que precisan de bajas tasas de transferencia \u00abseguras\u00bb de datos.<\/p>\n<p style=\"text-align: justify;\">Y en este contexto nace este Blog, que esperamos sea de utilidad y como m\u00ednimo, nos sirva a los miembros para ordenar ideas y compartir conocimientos. Desde ahora os animamos a registraros y a compartir vuestros trabajos\/inventos\/opiniones con otros\/as compa\u00f1eroscon inquietudes en estos temas&#8230;<\/p>\n<p style=\"text-align: justify;\">Saludos y gracias por venir&#8230;<\/p>\n<p><!--:--><\/p>\n","protected":false},"excerpt":{"rendered":"<p>The Who\u2026 ((A pair of visionaries discovering that they aren&#8217;t so much)) We are a group of professionals in the ITC sector and with a bit of help from our colleagues, we try to evolve and have fun trying new&hellip; <br \/><a class=\"read-more-button\" href=\"https:\/\/blog.whatsbee.net\/?page_id=1273\">Leer m\u00e1s<\/a><\/p>\n","protected":false},"author":3,"featured_media":0,"parent":0,"menu_order":0,"comment_status":"open","ping_status":"closed","template":"","meta":{"_bbp_topic_count":0,"_bbp_reply_count":0,"_bbp_total_topic_count":0,"_bbp_total_reply_count":0,"_bbp_voice_count":0,"_bbp_anonymous_reply_count":0,"_bbp_topic_count_hidden":0,"_bbp_reply_count_hidden":0,"_bbp_forum_subforum_count":0},"_links":{"self":[{"href":"https:\/\/blog.whatsbee.net\/index.php?rest_route=\/wp\/v2\/pages\/1273"}],"collection":[{"href":"https:\/\/blog.whatsbee.net\/index.php?rest_route=\/wp\/v2\/pages"}],"about":[{"href":"https:\/\/blog.whatsbee.net\/index.php?rest_route=\/wp\/v2\/types\/page"}],"author":[{"embeddable":true,"href":"https:\/\/blog.whatsbee.net\/index.php?rest_route=\/wp\/v2\/users\/3"}],"replies":[{"embeddable":true,"href":"https:\/\/blog.whatsbee.net\/index.php?rest_route=%2Fwp%2Fv2%2Fcomments&post=1273"}],"version-history":[{"count":0,"href":"https:\/\/blog.whatsbee.net\/index.php?rest_route=\/wp\/v2\/pages\/1273\/revisions"}],"wp:attachment":[{"href":"https:\/\/blog.whatsbee.net\/index.php?rest_route=%2Fwp%2Fv2%2Fmedia&parent=1273"}],"curies":[{"name":"wp","href":"https:\/\/api.w.org\/{rel}","templated":true}]}}