{"id":1118,"date":"2012-02-11T16:51:07","date_gmt":"2012-02-11T15:51:07","guid":{"rendered":"http:\/\/www.zigbe.net\/?page_id=1118"},"modified":"2012-02-11T16:51:07","modified_gmt":"2012-02-11T15:51:07","slug":"buscar","status":"publish","type":"page","link":"https:\/\/blog.whatsbee.net\/?page_id=1118","title":{"rendered":"Buscar"},"content":{"rendered":"<p><!--:en-->Aqu\u00ed puedes buscar temas relacionados:<\/p>\n<form id=\"cse-search-box\" action=\"http:\/\/www.google.com\" target=\"_blank\">\n<div><input type=\"hidden\" name=\"cx\" value=\"partner-pub-7014221012267260:2031366392\" \/> <input type=\"hidden\" name=\"ie\" value=\"UTF-8\" \/> <input type=\"text\" name=\"q\" size=\"55\" \/> <input type=\"submit\" name=\"sa\" value=\"Buscar\" \/><\/div>\n<\/form>\n<p><script type=\"text\/javascript\" src=\"http:\/\/www.google.com\/coop\/cse\/brand?form=cse-search-box&amp;lang=es\"><\/script><br \/>\nAqu\u00ed tienes un bloque de b\u00fasquedas esponsorizadas se agradece un clic:<br \/>\n<script type=\"text\/javascript\">\/\/ < ![CDATA[\ngoogle_ad_client = \"ca-pub-7014221012267260\";\n\/* ZigbeeBusqueda336x280 *\/\ngoogle_ad_slot = \"7796408002\";\ngoogle_ad_width = 336;\ngoogle_ad_height = 280;\n\/\/ ]]><\/script><script type=\"text\/javascript\" src=\"http:\/\/pagead2.googlesyndication.com\/pagead\/show_ads.js\">\/\/ < ![CDATA[\n\n\/\/ ]]><\/script><!--:--><!--:es-->Aqu\u00ed puedes buscar temas relacionados:<\/p>\n<form id=\"cse-search-box\" action=\"http:\/\/www.google.com\" target=\"_blank\">\n<div><input type=\"hidden\" name=\"cx\" value=\"partner-pub-7014221012267260:2031366392\" \/> <input type=\"hidden\" name=\"ie\" value=\"UTF-8\" \/> <input type=\"text\" name=\"q\" size=\"55\" \/> <input type=\"submit\" name=\"sa\" value=\"Buscar\" \/><\/div>\n<\/form>\n<p><script type=\"text\/javascript\" src=\"http:\/\/www.google.com\/coop\/cse\/brand?form=cse-search-box&amp;lang=es\"><\/script><br \/>\nAqu\u00ed tienes un bloque de b\u00fasquedas esponsorizadas se agradece un clic:<br \/>\n<script type=\"text\/javascript\">\/\/ < ![CDATA[\ngoogle_ad_client = \"ca-pub-7014221012267260\";\n\/* ZigbeeBusqueda336x280 *\/\ngoogle_ad_slot = \"7796408002\";\ngoogle_ad_width = 336;\ngoogle_ad_height = 280;\n\/\/ ]]><\/script><script type=\"text\/javascript\" src=\"http:\/\/pagead2.googlesyndication.com\/pagead\/show_ads.js\">\/\/ < ![CDATA[\n\n\/\/ ]]><\/script><!--:--><\/p>\n","protected":false},"excerpt":{"rendered":"<p>Aqu\u00ed puedes buscar temas relacionados: Aqu\u00ed tienes un bloque de b\u00fasquedas esponsorizadas se agradece un clic: Aqu\u00ed puedes buscar temas relacionados: Aqu\u00ed tienes un bloque de b\u00fasquedas esponsorizadas se agradece un clic:<\/p>\n","protected":false},"author":2,"featured_media":0,"parent":0,"menu_order":4,"comment_status":"open","ping_status":"closed","template":"","meta":{"_bbp_topic_count":0,"_bbp_reply_count":0,"_bbp_total_topic_count":0,"_bbp_total_reply_count":0,"_bbp_voice_count":0,"_bbp_anonymous_reply_count":0,"_bbp_topic_count_hidden":0,"_bbp_reply_count_hidden":0,"_bbp_forum_subforum_count":0},"_links":{"self":[{"href":"https:\/\/blog.whatsbee.net\/index.php?rest_route=\/wp\/v2\/pages\/1118"}],"collection":[{"href":"https:\/\/blog.whatsbee.net\/index.php?rest_route=\/wp\/v2\/pages"}],"about":[{"href":"https:\/\/blog.whatsbee.net\/index.php?rest_route=\/wp\/v2\/types\/page"}],"author":[{"embeddable":true,"href":"https:\/\/blog.whatsbee.net\/index.php?rest_route=\/wp\/v2\/users\/2"}],"replies":[{"embeddable":true,"href":"https:\/\/blog.whatsbee.net\/index.php?rest_route=%2Fwp%2Fv2%2Fcomments&post=1118"}],"version-history":[{"count":0,"href":"https:\/\/blog.whatsbee.net\/index.php?rest_route=\/wp\/v2\/pages\/1118\/revisions"}],"wp:attachment":[{"href":"https:\/\/blog.whatsbee.net\/index.php?rest_route=%2Fwp%2Fv2%2Fmedia&parent=1118"}],"curies":[{"name":"wp","href":"https:\/\/api.w.org\/{rel}","templated":true}]}}